{"id":91,"date":"2023-11-13T20:04:53","date_gmt":"2023-11-13T19:04:53","guid":{"rendered":"https:\/\/deutsch-kurzhaar-zwinger-vom-peenestrom.de\/?page_id=91"},"modified":"2025-12-05T18:39:48","modified_gmt":"2025-12-05T17:39:48","slug":"zucht","status":"publish","type":"page","link":"https:\/\/deutsch-kurzhaar-zwinger-vom-peenestrom.de\/?page_id=91","title":{"rendered":"Zucht"},"content":{"rendered":"\n<h2 class=\"wp-block-heading has-large-font-size\">Wurfplanung im Zwinger vom Peenestrom:<\/h2>\n\n\n\n<p>wir erwarten zum 26. Dezember unseren S-Wurf, aus &#8222;Zuma vom Theelshof &#8220; nach &#8222;Brisko vom Zarensee&#8220;.<\/p>\n\n\n\n<div class=\"wp-block-columns .mytable td, th {  \tvertical-align: top; } is-layout-flex wp-container-core-columns-is-layout-28f84493 wp-block-columns-is-layout-flex\">\n<div class=\"wp-block-column is-layout-flow wp-block-column-is-layout-flow\" style=\"flex-basis:100%\">\n<figure class=\"wp-block-table .my-table tbody td {  vertical-align: top; }\"><table class=\"has-fixed-layout\"><tbody><tr><td><a href=\"https:\/\/deutsch-kurzhaar-zwinger-vom-peenestrom.de\/?page_id=314\" data-type=\"page\" data-id=\"314\"><img fetchpriority=\"high\" decoding=\"async\" width=\"485\" height=\"290\" class=\"wp-image-256\" style=\"width: 485px;\" src=\"https:\/\/deutsch-kurzhaar-zwinger-vom-peenestrom.de\/wp-content\/uploads\/2024\/04\/DSC01744kopie.jpg\" alt=\"\" srcset=\"https:\/\/deutsch-kurzhaar-zwinger-vom-peenestrom.de\/wp-content\/uploads\/2024\/04\/DSC01744kopie.jpg 2456w, https:\/\/deutsch-kurzhaar-zwinger-vom-peenestrom.de\/wp-content\/uploads\/2024\/04\/DSC01744kopie-300x180.jpg 300w, https:\/\/deutsch-kurzhaar-zwinger-vom-peenestrom.de\/wp-content\/uploads\/2024\/04\/DSC01744kopie-1024x613.jpg 1024w, https:\/\/deutsch-kurzhaar-zwinger-vom-peenestrom.de\/wp-content\/uploads\/2024\/04\/DSC01744kopie-768x460.jpg 768w, https:\/\/deutsch-kurzhaar-zwinger-vom-peenestrom.de\/wp-content\/uploads\/2024\/04\/DSC01744kopie-1536x920.jpg 1536w, https:\/\/deutsch-kurzhaar-zwinger-vom-peenestrom.de\/wp-content\/uploads\/2024\/04\/DSC01744kopie-2048x1227.jpg 2048w\" sizes=\"(max-width: 485px) 100vw, 485px\" \/><\/a><\/td><td class=\"has-text-align-left\" data-align=\"left\"><img decoding=\"async\" width=\"415\" height=\"293\" class=\"wp-image-467\" style=\"width: 415px;\" src=\"https:\/\/deutsch-kurzhaar-zwinger-vom-peenestrom.de\/wp-content\/uploads\/2025\/11\/Brisko-vom-Zarensee-e1764527486309.jpg\" alt=\"\" srcset=\"https:\/\/deutsch-kurzhaar-zwinger-vom-peenestrom.de\/wp-content\/uploads\/2025\/11\/Brisko-vom-Zarensee-e1764527486309.jpg 450w, https:\/\/deutsch-kurzhaar-zwinger-vom-peenestrom.de\/wp-content\/uploads\/2025\/11\/Brisko-vom-Zarensee-e1764527486309-300x212.jpg 300w\" sizes=\"(max-width: 415px) 100vw, 415px\" \/><\/td><\/tr><tr><td><br><strong _istranslated=\"1\">Zuma vom Theelshof<\/strong><br>ZB-Nr. 1160\/21 gew. 22.04.2021 Brschl.m.br.K.u.Pln. <br>D1, S1, VGP1, HN, SL<br><br>HD-A2, OCD-frei<br><br>Formwert: Vorz\u00fcglich<br>Zuma vom Theelshof ist eine elegante braunschimmel H\u00fcndin mit sehr sch\u00f6nem dunklen Pigment und im richtigen Rahmen. <br><br>Sie entstammt einer Anpaarung, die besonderen Wert in die Vererbung jagdlicher Eigenschaften wie Wildsch\u00e4rfe, Finderwillen, hervorragenden Nasengebrauch und kompromissloser Raubzeugsch\u00e4rfe legte. Diese gew\u00fcnschten Vorz\u00fcge, gepaart mit einer flotten Suche, einmaliger Wasserpassion und \u00fcberzeugender &#8222;lauter&#8220; Arbeit am Wild, machen Zuma zu einem leichtf\u00fchrigen Jagdbegleiter. <br>Positiv zu erw\u00e4hnen ist auch ihr sicherer Spur-und Sichtlaut im Jagdbetrieb. <br><br>Im Alltag und auf der Jagd ist die H\u00fcndin sehr ruhig und ausgeglichen. Sie stellt also den Vollgebrauchshund dar, mit dem man intensiv jagen kann. <br>Im Umgang mit Kindern und der Familie ist Zuma ebenfalls v\u00f6llig entspannt . <br><br>Ein Blick in die Ahnentafel der H\u00fcndin zeigt uns das z\u00fcchterische Konzept des Zwingers vom Theelshof. Hier suchten die Z\u00fcchter Blutanschluss an jagdlich erfolgreiche Linienzuchten, aus der seit Jahren gesunde und leistungsf\u00e4hige Jagdhunde hervorgingen. <br><br>Blutlinien: Theelshof, Hegehaus, Gleistal, Donaum\u00fcndungen, Eckhof<br><br>Mehr Infos auch unter <br><a _istranslated=\"1\" href=\"http:\/\/www.peenestromer.de\/\" target=\"_blank\" rel=\"noreferrer noopener\">www.deutsch-kurzhaar-zwinger-vom-peenestrom.de<\/a> <br>oder Tel. 015201991666 bzw. 038374\/893999<br><br><br><a href=\"https:\/\/deutsch-kurzhaar-zwinger-vom-peenestrom.de\/?page_id=264\" data-type=\"page\" data-id=\"264\">AHNENTAFEL (PDF-Datei) <\/a><br><br>Eigent\u00fcmer: J\u00f6rg-Olaf Zilske, Am Sportplatz 1, 17440 Lassan <br><br> <br>Tel. 038374-893999 oder 015201991666<\/td><td class=\"has-text-align-left\" data-align=\"left\">Brisko <font _mstmutation=\"1\" _msttexthash=\"1358560983\" _msthash=\"149\"><strong _mstmutation=\"1\" _istranslated=\"1\">vom Zarensee<\/strong> <\/font><br>ZB-Nr.0004\/20 gew. 02.10.2019, <font _mstmutation=\"1\" _msttexthash=\"1358560983\" _msthash=\"149\">Braun <br><\/font><br><font _mstmutation=\"1\" _msttexthash=\"1358560983\" _msthash=\"149\">D1*, S1( J ) , VGP1, HN, LN, BTR, SW1,<br>Fw V, HD-A2, OCD-frei<br><br>Formwert: Vorz\u00fcglich #<br>Brisko vom Zarensee ist ein kompakter R\u00fcde des Mittelschlages mit edler Ausstrahlung. Brisko entspricht in allen Punkten dem ldealbild des\u00a0Rassestandards Deutsch-Kurzhaar.<br>Brisko sucht im Feld mit viel Eleganz und Passion. lm Wasser ist er der zuverl\u00e4ssige Verlorenbringer. lm Wald wird er meistens f\u00fcr die Sauenjagd eingesetzt. Er ist der Hund, der sofort die\u00a0Sauen findet und so attackiert, dass die J\u00e4ger meistens zu Erfolg kommen.<br>Trotz seiner Passion kommt Brisko auch auf der Wundf\u00e4hrte zum Einsatz. Hier sieht man dann einen ganz ruhigen, konzentrierten Hund.<br><\/font><br><font _mstmutation=\"1\" _msttexthash=\"1358560983\" _msthash=\"149\">Vom gesamten Wurf sind von 11 Hunden 10 Hunde zuchttauglich und 10 Hunde\u00a0haben die VGP mit 2 Jahren absolviert.<br><\/font><br><font _mstmutation=\"1\" _msttexthash=\"1358560983\" _msthash=\"149\"><a href=\"http:\/\/www.deutsch-kurzhaar.de\/zuchtrueden\/0004-20.pdf\" target=\"_blank\" rel=\"noreferrer noopener\">AHNENTAFEL<\/a>\u00a0(PDF-Datei)<br><br><br>Eigent\u00fcmer: Reinhard Dahrendorf,\u00a0<br>Ernst-Th\u00e4lmann-Str. 65,\u00a0<br>39624 Kalbe\/Milde\u00a0<br>TeL.01 51 41 653078 <br>Blutlinien: Zarensee, Peenestrom, Theelshof, Neuarenberg,<\/font><br><br><font _mstmutation=\"1\" _msttexthash=\"1358560983\" _msthash=\"149\">Mehr<br> Infos auch unter<br><br><a _mstmutation=\"1\" _istranslated=\"1\" href=\"http:\/\/www.peenestromer.de\/\" target=\"_blank\" rel=\"noreferrer noopener\">www.deutsch-kurzhaar-zwinger-vom-peenestrom.de<\/a> <br>oder Tel. 015201991666 bzw. 038374\/893999<\/font><\/td><\/tr><\/tbody><\/table><figcaption class=\"wp-element-caption\"><font _mstmutation=\"1\"><\/font><\/figcaption><\/figure>\n<\/div>\n<\/div>\n\n\n\n<p><\/p>\n","protected":false},"excerpt":{"rendered":"<p>Wurfplanung im Zwinger vom Peenestrom: wir erwarten zum 26. Dezember unseren S-Wurf, aus &#8222;Zuma vom Theelshof &#8220; nach &#8222;Brisko vom Zarensee&#8220;. Zuma vom TheelshofZB-Nr. 1160\/21 gew. 22.04.2021 Brschl.m.br.K.u.Pln. D1, S1, VGP1, HN, SL HD-A2, OCD-frei Formwert: Vorz\u00fcglichZuma vom Theelshof ist eine elegante braunschimmel H\u00fcndin mit sehr sch\u00f6nem dunklen Pigment und im richtigen Rahmen. Sie entstammt [&hellip;]<\/p>\n","protected":false},"author":1,"featured_media":0,"parent":0,"menu_order":0,"comment_status":"closed","ping_status":"closed","template":"","meta":{"ngg_post_thumbnail":0,"footnotes":""},"class_list":["post-91","page","type-page","status-publish","hentry"],"_links":{"self":[{"href":"https:\/\/deutsch-kurzhaar-zwinger-vom-peenestrom.de\/index.php?rest_route=\/wp\/v2\/pages\/91","targetHints":{"allow":["GET"]}}],"collection":[{"href":"https:\/\/deutsch-kurzhaar-zwinger-vom-peenestrom.de\/index.php?rest_route=\/wp\/v2\/pages"}],"about":[{"href":"https:\/\/deutsch-kurzhaar-zwinger-vom-peenestrom.de\/index.php?rest_route=\/wp\/v2\/types\/page"}],"author":[{"embeddable":true,"href":"https:\/\/deutsch-kurzhaar-zwinger-vom-peenestrom.de\/index.php?rest_route=\/wp\/v2\/users\/1"}],"replies":[{"embeddable":true,"href":"https:\/\/deutsch-kurzhaar-zwinger-vom-peenestrom.de\/index.php?rest_route=%2Fwp%2Fv2%2Fcomments&post=91"}],"version-history":[{"count":48,"href":"https:\/\/deutsch-kurzhaar-zwinger-vom-peenestrom.de\/index.php?rest_route=\/wp\/v2\/pages\/91\/revisions"}],"predecessor-version":[{"id":508,"href":"https:\/\/deutsch-kurzhaar-zwinger-vom-peenestrom.de\/index.php?rest_route=\/wp\/v2\/pages\/91\/revisions\/508"}],"wp:attachment":[{"href":"https:\/\/deutsch-kurzhaar-zwinger-vom-peenestrom.de\/index.php?rest_route=%2Fwp%2Fv2%2Fmedia&parent=91"}],"curies":[{"name":"wp","href":"https:\/\/api.w.org\/{rel}","templated":true}]}}