{"id":51,"date":"2023-11-13T19:49:37","date_gmt":"2023-11-13T18:49:37","guid":{"rendered":"https:\/\/deutsch-kurzhaar-zwinger-vom-peenestrom.de\/?page_id=51"},"modified":"2023-12-21T18:01:41","modified_gmt":"2023-12-21T17:01:41","slug":"anfahrt","status":"publish","type":"page","link":"https:\/\/deutsch-kurzhaar-zwinger-vom-peenestrom.de\/?page_id=51","title":{"rendered":"Anfahrt"},"content":{"rendered":"\n<div class=\"wp-block-columns is-layout-flex wp-container-core-columns-is-layout-28f84493 wp-block-columns-is-layout-flex\">\n<div class=\"wp-block-column is-layout-flow wp-block-column-is-layout-flow\">\n<figure class=\"wp-block-image size-full is-resized\"><img fetchpriority=\"high\" decoding=\"async\" width=\"1288\" height=\"960\" src=\"https:\/\/deutsch-kurzhaar-zwinger-vom-peenestrom.de\/wp-content\/uploads\/2023\/12\/IMG-20231212-WA0023.jpg\" alt=\"\" class=\"wp-image-167\" style=\"width:488px;height:auto\" srcset=\"https:\/\/deutsch-kurzhaar-zwinger-vom-peenestrom.de\/wp-content\/uploads\/2023\/12\/IMG-20231212-WA0023.jpg 1288w, https:\/\/deutsch-kurzhaar-zwinger-vom-peenestrom.de\/wp-content\/uploads\/2023\/12\/IMG-20231212-WA0023-300x224.jpg 300w, https:\/\/deutsch-kurzhaar-zwinger-vom-peenestrom.de\/wp-content\/uploads\/2023\/12\/IMG-20231212-WA0023-1024x763.jpg 1024w, https:\/\/deutsch-kurzhaar-zwinger-vom-peenestrom.de\/wp-content\/uploads\/2023\/12\/IMG-20231212-WA0023-768x572.jpg 768w\" sizes=\"(max-width: 1288px) 100vw, 1288px\" \/><\/figure>\n<\/div>\n\n\n\n<div class=\"wp-block-column is-layout-flow wp-block-column-is-layout-flow\">\n<figure class=\"wp-block-table\"><table class=\"has-fixed-layout\"><tbody><tr><td>Standort<br><br>Lassan ist die kleinste Stadt Mecklenburg\/Vorpommerns. Sie liegt im Landkreis Vorpommern-Greifswald ca. 20 km s\u00fcdlich von Wolgast und ca. 15 km nord\u00f6stlich von Anklam und ist am besten zu erreichen \u00fcber die BAB 20 und nachfolgend \u00fcber die B109\/110 oder die B111. <br>Die Stadt liegt am Westufer des Peenestroms, nord\u00f6stlich des Stettiner Haffs in herrlich ruhiger Lage direkt am Wasser.  Wenn Sie Fragen zu unserem Standort haben, rufen Sie uns an unter [038374\/80307]. <br>Wir helfen Ihnen gern weiter.<br>\u00dcbernachtungsm\u00f6glichkeiten sind vor Ort privat [Ferienwohnung] bzw. gewerblich [Pension\/Restaurant] m\u00f6glich, auch mit Hund.<br>Ben\u00f6tigen sie eine Unterkunft, schreiben Sie uns eine E-Mail [zilske@onlinehome.de] oder rufen Sie uns an [015201991666].<br><br>zu erreichen sind wir unter folgender Adresse:<br><br>Fam. J\u00f6rg-Olaf Zilske<br>Am Sportplatz 1<br>17440 Lassan<br>Tel. 038374\/80307<br>Mobil. 015201991666<br>E-Mail. zilske@onlinehome.de<br><br><br><br><\/td><\/tr><\/tbody><\/table><\/figure>\n<\/div>\n<\/div>\n","protected":false},"excerpt":{"rendered":"<p>Standort Lassan ist die kleinste Stadt Mecklenburg\/Vorpommerns. Sie liegt im Landkreis Vorpommern-Greifswald ca. 20 km s\u00fcdlich von Wolgast und ca. 15 km nord\u00f6stlich von Anklam und ist am besten zu erreichen \u00fcber die BAB 20 und nachfolgend \u00fcber die B109\/110 oder die B111. Die Stadt liegt am Westufer des Peenestroms, nord\u00f6stlich des Stettiner Haffs in [&hellip;]<\/p>\n","protected":false},"author":1,"featured_media":0,"parent":0,"menu_order":0,"comment_status":"closed","ping_status":"closed","template":"","meta":{"ngg_post_thumbnail":0,"footnotes":""},"class_list":["post-51","page","type-page","status-publish","hentry"],"_links":{"self":[{"href":"https:\/\/deutsch-kurzhaar-zwinger-vom-peenestrom.de\/index.php?rest_route=\/wp\/v2\/pages\/51","targetHints":{"allow":["GET"]}}],"collection":[{"href":"https:\/\/deutsch-kurzhaar-zwinger-vom-peenestrom.de\/index.php?rest_route=\/wp\/v2\/pages"}],"about":[{"href":"https:\/\/deutsch-kurzhaar-zwinger-vom-peenestrom.de\/index.php?rest_route=\/wp\/v2\/types\/page"}],"author":[{"embeddable":true,"href":"https:\/\/deutsch-kurzhaar-zwinger-vom-peenestrom.de\/index.php?rest_route=\/wp\/v2\/users\/1"}],"replies":[{"embeddable":true,"href":"https:\/\/deutsch-kurzhaar-zwinger-vom-peenestrom.de\/index.php?rest_route=%2Fwp%2Fv2%2Fcomments&post=51"}],"version-history":[{"count":9,"href":"https:\/\/deutsch-kurzhaar-zwinger-vom-peenestrom.de\/index.php?rest_route=\/wp\/v2\/pages\/51\/revisions"}],"predecessor-version":[{"id":181,"href":"https:\/\/deutsch-kurzhaar-zwinger-vom-peenestrom.de\/index.php?rest_route=\/wp\/v2\/pages\/51\/revisions\/181"}],"wp:attachment":[{"href":"https:\/\/deutsch-kurzhaar-zwinger-vom-peenestrom.de\/index.php?rest_route=%2Fwp%2Fv2%2Fmedia&parent=51"}],"curies":[{"name":"wp","href":"https:\/\/api.w.org\/{rel}","templated":true}]}}